{"id":174,"date":"2015-01-05T12:00:13","date_gmt":"2015-01-05T11:00:13","guid":{"rendered":"http:\/\/localhost\/wordpress\/?page_id=174"},"modified":"2026-05-05T11:58:51","modified_gmt":"2026-05-05T09:58:51","slug":"aktualnosci","status":"publish","type":"page","link":"http:\/\/baltystyka.uw.edu.pl\/","title":{"rendered":"Aktualno\u015bci"},"content":{"rendered":"<h3>JONAS MEKAS \u2014 WIELKA POSTA\u0106 LITEWSKIEJ KULTURY<\/h3>\n<div>W przysz\u0142ym tygodniu naszym go\u015bciem b\u0119dzie dr <b>Ram\u016bnas \u010ci\u010delis&nbsp;<\/b>\u2013 literaturoznawca, poeta i eseista, wyk\u0142adowca Uniwersytetu Witolda Wielkiego w Kownie \u2013 kt\u00f3ry wyg\u0142osi dwa wyk\u0142ady po\u015bwi\u0119cone tw\u00f3rczo\u015bci literackiej i filmowej Jonasa Mekasa.<\/div>\n<div>&nbsp;<\/div>\n<div>Wyk\u0142ady b\u0119d\u0105 prowadzone po litewsku (z obja\u015bnieniami po polsku w razie potrzeby), w sali 4 na Obo\u017anej 8.<\/div>\n<div>&nbsp;<\/div>\n<div>Serdecznie zapraszamy!<\/div>\n<div>&nbsp;<\/div>\n<div><img loading=\"lazy\" class=\"alignnone size-full wp-image-8543\" src=\"http:\/\/baltystyka.uw.edu.pl\/wp-content\/uploads\/sites\/46\/2026\/05\/Zielony-i-Ro\u0301z\u0307owy-Nowoczesny-Wystawa-Plakat.jpeg\" alt=\"\" width=\"1587\" height=\"1892\" srcset=\"http:\/\/baltystyka.uw.edu.pl\/wp-content\/uploads\/sites\/46\/2026\/05\/Zielony-i-Ro\u0301z\u0307owy-Nowoczesny-Wystawa-Plakat.jpeg 1587w, http:\/\/baltystyka.uw.edu.pl\/wp-content\/uploads\/sites\/46\/2026\/05\/Zielony-i-Ro\u0301z\u0307owy-Nowoczesny-Wystawa-Plakat-768x915.jpeg 768w\" sizes=\"(max-width: 1587px) 100vw, 1587px\" \/><\/div>\n<div>&nbsp;<\/div>\n<pre>&nbsp;<\/pre>\n<h3>SPOTKANIE Z \u0141OTEWSKIMI PARLAMENTARZYSTAMI<\/h3>\n<p>28 kwietnia go\u015b\u0107mi Pracowni Polsko-Ba\u0142tyckich Kontakt\u00f3w Kulturowych kierowanej przez dr Monik\u0119 Michaliszyn, by\u0142\u0105 ambasadork\u0119 RP na \u0141otwie, byli przedstawiciele \u0141otewsko-Polskiej Grupy Parlamentarnej Saeimy Republiki \u0141otewskiej. W spotkaniu uczestniczy\u0142 tak\u017ce Pan Ambasador \u0141otwy Raimonds Jansons.<\/p>\n<p><img loading=\"lazy\" class=\"alignnone size-full wp-image-8532\" src=\"http:\/\/baltystyka.uw.edu.pl\/wp-content\/uploads\/sites\/46\/2026\/04\/Zrzut-ekranu-2026-04-30-o-00.21.09.png\" alt=\"\" width=\"1850\" height=\"1034\" srcset=\"http:\/\/baltystyka.uw.edu.pl\/wp-content\/uploads\/sites\/46\/2026\/04\/Zrzut-ekranu-2026-04-30-o-00.21.09.png 1850w, http:\/\/baltystyka.uw.edu.pl\/wp-content\/uploads\/sites\/46\/2026\/04\/Zrzut-ekranu-2026-04-30-o-00.21.09-768x429.png 768w\" sizes=\"(max-width: 1850px) 100vw, 1850px\" \/><\/p>\n<p><img loading=\"lazy\" class=\"alignnone size-full wp-image-8535\" src=\"http:\/\/baltystyka.uw.edu.pl\/wp-content\/uploads\/sites\/46\/2026\/04\/Zrzut-ekranu-2026-04-30-o-00.21.53.png\" alt=\"\" width=\"1896\" height=\"1240\" srcset=\"http:\/\/baltystyka.uw.edu.pl\/wp-content\/uploads\/sites\/46\/2026\/04\/Zrzut-ekranu-2026-04-30-o-00.21.53.png 1896w, http:\/\/baltystyka.uw.edu.pl\/wp-content\/uploads\/sites\/46\/2026\/04\/Zrzut-ekranu-2026-04-30-o-00.21.53-768x502.png 768w\" sizes=\"(max-width: 1896px) 100vw, 1896px\" \/><\/p>\n<p><img loading=\"lazy\" class=\"alignnone size-full wp-image-8534\" src=\"http:\/\/baltystyka.uw.edu.pl\/wp-content\/uploads\/sites\/46\/2026\/04\/Zrzut-ekranu-2026-04-30-o-00.21.24.png\" alt=\"\" width=\"1892\" height=\"1168\" srcset=\"http:\/\/baltystyka.uw.edu.pl\/wp-content\/uploads\/sites\/46\/2026\/04\/Zrzut-ekranu-2026-04-30-o-00.21.24.png 1892w, http:\/\/baltystyka.uw.edu.pl\/wp-content\/uploads\/sites\/46\/2026\/04\/Zrzut-ekranu-2026-04-30-o-00.21.24-768x474.png 768w\" sizes=\"(max-width: 1892px) 100vw, 1892px\" \/> &nbsp;<img loading=\"lazy\" class=\"alignnone size-full wp-image-8536\" src=\"http:\/\/baltystyka.uw.edu.pl\/wp-content\/uploads\/sites\/46\/2026\/04\/Zrzut-ekranu-2026-04-30-o-00.21.37.png\" alt=\"\" width=\"1888\" height=\"1218\" srcset=\"http:\/\/baltystyka.uw.edu.pl\/wp-content\/uploads\/sites\/46\/2026\/04\/Zrzut-ekranu-2026-04-30-o-00.21.37.png 1888w, http:\/\/baltystyka.uw.edu.pl\/wp-content\/uploads\/sites\/46\/2026\/04\/Zrzut-ekranu-2026-04-30-o-00.21.37-768x495.png 768w\" sizes=\"(max-width: 1888px) 100vw, 1888px\" \/><\/p>\n<pre>&nbsp;<\/pre>\n<h3>ORNAMENT W KULTURZE \u0141OTEWSKIEJ<\/h3>\n<div>22 kwietnia go\u015bciem Katedry by\u0142a p. SINDIJA AN\u010cA z Uniwersytetu \u0141otewskiego w Rydze, kt\u00f3ra wyg\u0142osi\u0142a wyk\u0142ad &#8222;Ornament w kulturze \u0142otewskiej&#8221; (&#8222;Ornaments latvie\u0161u kult\u016br\u0101&#8221;).<\/div>\n<div>&nbsp;<\/div>\n<div><img loading=\"lazy\" class=\"alignnone size-full wp-image-8520\" src=\"http:\/\/baltystyka.uw.edu.pl\/wp-content\/uploads\/sites\/46\/2026\/04\/Zrzut-ekranu-2026-04-22-o-21.55.12.png\" alt=\"\" width=\"1880\" height=\"1310\" srcset=\"http:\/\/baltystyka.uw.edu.pl\/wp-content\/uploads\/sites\/46\/2026\/04\/Zrzut-ekranu-2026-04-22-o-21.55.12.png 1880w, http:\/\/baltystyka.uw.edu.pl\/wp-content\/uploads\/sites\/46\/2026\/04\/Zrzut-ekranu-2026-04-22-o-21.55.12-768x535.png 768w\" sizes=\"(max-width: 1880px) 100vw, 1880px\" \/><\/div>\n<div>&nbsp;<\/div>\n<div><img loading=\"lazy\" class=\"alignnone size-full wp-image-8521\" src=\"http:\/\/baltystyka.uw.edu.pl\/wp-content\/uploads\/sites\/46\/2026\/04\/Zrzut-ekranu-2026-04-22-o-21.54.57.png\" alt=\"\" width=\"1882\" height=\"1344\" srcset=\"http:\/\/baltystyka.uw.edu.pl\/wp-content\/uploads\/sites\/46\/2026\/04\/Zrzut-ekranu-2026-04-22-o-21.54.57.png 1882w, http:\/\/baltystyka.uw.edu.pl\/wp-content\/uploads\/sites\/46\/2026\/04\/Zrzut-ekranu-2026-04-22-o-21.54.57-768x548.png 768w\" sizes=\"(max-width: 1882px) 100vw, 1882px\" \/><\/div>\n<pre>&nbsp;<\/pre>\n<h3>DZIE\u0143 OTWARTY UW<\/h3>\n<p>W sobot\u0119 <strong>18 kwietnia<\/strong> odby\u0142 si\u0119 <a href=\"https:\/\/www.uw.edu.pl\/dzien-otwarty-uw-2026\/\">Dzie\u0144 Otwarty UW<\/a>. Ba\u0142ty\u015bci oczywi\u015bcie r\u00f3wnie\u017c byli na nim obecni. W ramach wydarzenia mia\u0142a te\u017c miejsce lekcja pokazowa j\u0119zyka litewskiego <strong><em>Labas, a\u0161 krabas<\/em><\/strong>, kt\u00f3r\u0105 poprowadzi\u0142 dr Pawe\u0142 Brudzy\u0144ski.<\/p>\n<p>Zainteresowanych studiowaniem filologii ba\u0142tyckiej zapraszamy do zak\u0142adki <a href=\"http:\/\/baltystyka.uw.edu.pl\/?page_id=193\"><strong>Dla kandydat\u00f3w<\/strong><\/a>.<\/p>\n<p><img loading=\"lazy\" class=\"alignnone size-full wp-image-8510\" src=\"http:\/\/baltystyka.uw.edu.pl\/wp-content\/uploads\/sites\/46\/2026\/04\/IMG-6908-scaled.jpeg\" alt=\"\" width=\"2560\" height=\"2560\" srcset=\"http:\/\/baltystyka.uw.edu.pl\/wp-content\/uploads\/sites\/46\/2026\/04\/IMG-6908-scaled.jpeg 2560w, http:\/\/baltystyka.uw.edu.pl\/wp-content\/uploads\/sites\/46\/2026\/04\/IMG-6908-300x300.jpeg 300w, http:\/\/baltystyka.uw.edu.pl\/wp-content\/uploads\/sites\/46\/2026\/04\/IMG-6908-1024x1024.jpeg 1024w, http:\/\/baltystyka.uw.edu.pl\/wp-content\/uploads\/sites\/46\/2026\/04\/IMG-6908-100x100.jpeg 100w, http:\/\/baltystyka.uw.edu.pl\/wp-content\/uploads\/sites\/46\/2026\/04\/IMG-6908-1536x1536.jpeg 1536w, http:\/\/baltystyka.uw.edu.pl\/wp-content\/uploads\/sites\/46\/2026\/04\/IMG-6908-2048x2048.jpeg 2048w\" sizes=\"(max-width: 2560px) 100vw, 2560px\" \/> &nbsp;<img loading=\"lazy\" class=\"alignnone size-full wp-image-8512\" src=\"http:\/\/baltystyka.uw.edu.pl\/wp-content\/uploads\/sites\/46\/2026\/04\/IMG-6924-scaled.jpeg\" alt=\"\" width=\"2560\" height=\"2560\" srcset=\"http:\/\/baltystyka.uw.edu.pl\/wp-content\/uploads\/sites\/46\/2026\/04\/IMG-6924-scaled.jpeg 2560w, http:\/\/baltystyka.uw.edu.pl\/wp-content\/uploads\/sites\/46\/2026\/04\/IMG-6924-300x300.jpeg 300w, http:\/\/baltystyka.uw.edu.pl\/wp-content\/uploads\/sites\/46\/2026\/04\/IMG-6924-1024x1024.jpeg 1024w, http:\/\/baltystyka.uw.edu.pl\/wp-content\/uploads\/sites\/46\/2026\/04\/IMG-6924-100x100.jpeg 100w, http:\/\/baltystyka.uw.edu.pl\/wp-content\/uploads\/sites\/46\/2026\/04\/IMG-6924-1536x1536.jpeg 1536w, http:\/\/baltystyka.uw.edu.pl\/wp-content\/uploads\/sites\/46\/2026\/04\/IMG-6924-2048x2048.jpeg 2048w\" sizes=\"(max-width: 2560px) 100vw, 2560px\" \/><\/p>\n<p><img loading=\"lazy\" class=\"alignnone size-full wp-image-8513\" src=\"http:\/\/baltystyka.uw.edu.pl\/wp-content\/uploads\/sites\/46\/2026\/04\/IMG-6929-scaled.jpeg\" alt=\"\" width=\"2560\" height=\"2560\" srcset=\"http:\/\/baltystyka.uw.edu.pl\/wp-content\/uploads\/sites\/46\/2026\/04\/IMG-6929-scaled.jpeg 2560w, http:\/\/baltystyka.uw.edu.pl\/wp-content\/uploads\/sites\/46\/2026\/04\/IMG-6929-300x300.jpeg 300w, http:\/\/baltystyka.uw.edu.pl\/wp-content\/uploads\/sites\/46\/2026\/04\/IMG-6929-1024x1024.jpeg 1024w, http:\/\/baltystyka.uw.edu.pl\/wp-content\/uploads\/sites\/46\/2026\/04\/IMG-6929-100x100.jpeg 100w, http:\/\/baltystyka.uw.edu.pl\/wp-content\/uploads\/sites\/46\/2026\/04\/IMG-6929-1536x1536.jpeg 1536w, http:\/\/baltystyka.uw.edu.pl\/wp-content\/uploads\/sites\/46\/2026\/04\/IMG-6929-2048x2048.jpeg 2048w\" sizes=\"(max-width: 2560px) 100vw, 2560px\" \/><\/p>\n<p><img loading=\"lazy\" class=\"alignnone size-full wp-image-8514\" src=\"http:\/\/baltystyka.uw.edu.pl\/wp-content\/uploads\/sites\/46\/2026\/04\/IMG-6928-scaled.jpeg\" alt=\"\" width=\"2560\" height=\"2560\" srcset=\"http:\/\/baltystyka.uw.edu.pl\/wp-content\/uploads\/sites\/46\/2026\/04\/IMG-6928-scaled.jpeg 2560w, http:\/\/baltystyka.uw.edu.pl\/wp-content\/uploads\/sites\/46\/2026\/04\/IMG-6928-300x300.jpeg 300w, http:\/\/baltystyka.uw.edu.pl\/wp-content\/uploads\/sites\/46\/2026\/04\/IMG-6928-1024x1024.jpeg 1024w, http:\/\/baltystyka.uw.edu.pl\/wp-content\/uploads\/sites\/46\/2026\/04\/IMG-6928-100x100.jpeg 100w, http:\/\/baltystyka.uw.edu.pl\/wp-content\/uploads\/sites\/46\/2026\/04\/IMG-6928-1536x1536.jpeg 1536w, http:\/\/baltystyka.uw.edu.pl\/wp-content\/uploads\/sites\/46\/2026\/04\/IMG-6928-2048x2048.jpeg 2048w\" sizes=\"(max-width: 2560px) 100vw, 2560px\" \/><\/p>\n<p><img loading=\"lazy\" class=\"alignnone size-full wp-image-8511\" src=\"http:\/\/baltystyka.uw.edu.pl\/wp-content\/uploads\/sites\/46\/2026\/04\/IMG-6910-scaled.jpeg\" alt=\"\" width=\"2560\" height=\"2560\" srcset=\"http:\/\/baltystyka.uw.edu.pl\/wp-content\/uploads\/sites\/46\/2026\/04\/IMG-6910-scaled.jpeg 2560w, http:\/\/baltystyka.uw.edu.pl\/wp-content\/uploads\/sites\/46\/2026\/04\/IMG-6910-300x300.jpeg 300w, http:\/\/baltystyka.uw.edu.pl\/wp-content\/uploads\/sites\/46\/2026\/04\/IMG-6910-1024x1024.jpeg 1024w, http:\/\/baltystyka.uw.edu.pl\/wp-content\/uploads\/sites\/46\/2026\/04\/IMG-6910-100x100.jpeg 100w, http:\/\/baltystyka.uw.edu.pl\/wp-content\/uploads\/sites\/46\/2026\/04\/IMG-6910-1536x1536.jpeg 1536w, http:\/\/baltystyka.uw.edu.pl\/wp-content\/uploads\/sites\/46\/2026\/04\/IMG-6910-2048x2048.jpeg 2048w\" sizes=\"(max-width: 2560px) 100vw, 2560px\" \/><\/p>\n<pre>&nbsp;<\/pre>\n<h3>B\u0105d\u017amy UWa\u017cni<\/h3>\n<p><img loading=\"lazy\" class=\"alignnone size-full wp-image-8486\" src=\"http:\/\/baltystyka.uw.edu.pl\/wp-content\/uploads\/sites\/46\/2026\/04\/Plakat-AUT.png\" alt=\"\" width=\"1414\" height=\"2000\" srcset=\"http:\/\/baltystyka.uw.edu.pl\/wp-content\/uploads\/sites\/46\/2026\/04\/Plakat-AUT.png 1414w, http:\/\/baltystyka.uw.edu.pl\/wp-content\/uploads\/sites\/46\/2026\/04\/Plakat-AUT-768x1086.png 768w\" sizes=\"(max-width: 1414px) 100vw, 1414px\" \/><\/p>\n<p>&nbsp;<\/p>\n<pre>&nbsp;<\/pre>\n<h3>WI\u0104\u017bEMY SODASY NA SZCZ\u0118\u015aCIE<\/h3>\n<p><strong>11 marca <\/strong>odby\u0142y si\u0119 warsztaty z wi\u0105zania sodas\u00f3w (paj\u0105k\u00f3w), kt\u00f3re poprowadzi\u0142a Regina Pilipavi\u010di\u016bt\u0117. Rezultat zbiorowej pracy mo\u017cna obejrze\u0107 w sali 4.<\/p>\n<p><img loading=\"lazy\" class=\"alignnone size-full wp-image-8468\" src=\"http:\/\/baltystyka.uw.edu.pl\/wp-content\/uploads\/sites\/46\/2026\/03\/a8d27935.jpg\" alt=\"\" width=\"1600\" height=\"1025\" srcset=\"http:\/\/baltystyka.uw.edu.pl\/wp-content\/uploads\/sites\/46\/2026\/03\/a8d27935.jpg 1600w, http:\/\/baltystyka.uw.edu.pl\/wp-content\/uploads\/sites\/46\/2026\/03\/a8d27935-768x492.jpg 768w\" sizes=\"(max-width: 1600px) 100vw, 1600px\" \/><\/p>\n<p><img loading=\"lazy\" class=\"alignnone size-full wp-image-8469\" src=\"http:\/\/baltystyka.uw.edu.pl\/wp-content\/uploads\/sites\/46\/2026\/03\/57fb3fde.jpg\" alt=\"\" width=\"1600\" height=\"952\" srcset=\"http:\/\/baltystyka.uw.edu.pl\/wp-content\/uploads\/sites\/46\/2026\/03\/57fb3fde.jpg 1600w, http:\/\/baltystyka.uw.edu.pl\/wp-content\/uploads\/sites\/46\/2026\/03\/57fb3fde-768x456.jpg 768w\" sizes=\"(max-width: 1600px) 100vw, 1600px\" \/><\/p>\n<p><img loading=\"lazy\" class=\"alignnone size-full wp-image-8470\" src=\"http:\/\/baltystyka.uw.edu.pl\/wp-content\/uploads\/sites\/46\/2026\/03\/7a057b4a.jpg\" alt=\"\" width=\"1347\" height=\"1600\" srcset=\"http:\/\/baltystyka.uw.edu.pl\/wp-content\/uploads\/sites\/46\/2026\/03\/7a057b4a.jpg 1347w, http:\/\/baltystyka.uw.edu.pl\/wp-content\/uploads\/sites\/46\/2026\/03\/7a057b4a-768x912.jpg 768w\" sizes=\"(max-width: 1347px) 100vw, 1347px\" \/><\/p>\n<p><img loading=\"lazy\" class=\"alignnone size-full wp-image-8471\" src=\"http:\/\/baltystyka.uw.edu.pl\/wp-content\/uploads\/sites\/46\/2026\/03\/0f9171a2.jpg\" alt=\"\" width=\"960\" height=\"1294\" srcset=\"http:\/\/baltystyka.uw.edu.pl\/wp-content\/uploads\/sites\/46\/2026\/03\/0f9171a2.jpg 960w, http:\/\/baltystyka.uw.edu.pl\/wp-content\/uploads\/sites\/46\/2026\/03\/0f9171a2-768x1035.jpg 768w\" sizes=\"(max-width: 960px) 100vw, 960px\" \/><\/p>\n<p>fot. Agnieszka Rembia\u0142kowska<\/p>\n<pre>&nbsp;<\/pre>\n<h3>ZMIANA ADRESU<\/h3>\n<p>W zwi\u0105zku z remontem budynku Wydzia\u0142u Polonistyki ba\u0142tystyczne zaj\u0119cia i&nbsp;dy\u017cury pracownik\u00f3w Zak\u0142adu Ba\u0142tystyki odbywaj\u0105 si\u0119 na <strong>ul. Obo\u017anej 8<\/strong>.&nbsp;<\/p>\n<pre class=\"main-image margin_0-0-40\">&nbsp;<\/pre>\n<div class=\"article-text article-content margin_0-0-40 t_c-gray jsTextSize\" data-font-size=\"14\">\n<h3>WSPARCIE I BEZPIECZE\u0143STWO<\/h3>\n<ul style=\"list-style-type: circle\">\n<li style=\"list-style-type: none\">\n<ul style=\"list-style-type: circle\">\n<li>Numer alarmowy Uniwersytetu Warszawskiego (mo\u017cna pod niego dzwoni\u0107 w ka\u017cdej sytuacji zagro\u017cenia na terenie uczelni): <strong>22 55 22&nbsp;112, <\/strong><a href=\"https:\/\/bezpieczenstwo.uw.edu.pl\/\">https:\/\/bezpieczenstwo.uw.edu.pl\/<\/a><\/li>\n<li>Kwestie r\u00f3wnego traktowania i r\u00f3\u017cnorodno\u015bci na UW: <a href=\"https:\/\/rownowazni.uw.edu.pl\/\">https:\/\/rownowazni.uw.edu.pl\/<\/a><\/li>\n<li>Telefon zaufania Centrum Pomocy Psychologicznej UW: <strong>22 552 44&nbsp;24, <\/strong><a href=\"https:\/\/cpp.uw.edu.pl\/telefon-zaufania\/\">https:\/\/cpp.uw.edu.pl\/telefon-zaufania\/<\/a><\/li>\n<li>Darmowa konsultacja psychoterapeutyczna online dla os\u00f3b studiuj\u0105cych: <a href=\"https:\/\/strefakomfortu.psrp.org.pl\/wsparcie-dla-uw\/\"><span class=\"html-span xdj266r x11i5rnm xat24cr x1mh8g0r xexx8yu x4uap5 x18d9i69 xkhd6sd x1hl2dhg x16tdsg8 x1vvkbs\">https:\/\/strefakomfortu.psrp.org.pl\/wsparcie-dla-uw\/<\/span><\/a><\/li>\n<\/ul>\n<\/li>\n<\/ul>\n<\/div>\n<pre>&nbsp;<\/pre>\n<p style=\"text-align: center\"><a href=\"http:\/\/baltystyka.uw.edu.pl\/wp-content\/uploads\/sites\/46\/2025\/09\/M.2025.15.Post_.1_removed.pdf\">KALENDARZ AKADEMICKI 2025\/2026<\/a><\/p>\n<p>&nbsp;<\/p>\n<h3 style=\"text-align: center\"><strong>KRONIKA<\/strong><\/h3>\n<p style=\"text-align: center\"><a href=\"http:\/\/baltystyka.uw.edu.pl\/?page_id=8442\">2026<\/a> | <a href=\"http:\/\/baltystyka.uw.edu.pl\/?page_id=7846\">2025<\/a> |&nbsp;<a href=\"http:\/\/baltystyka.uw.edu.pl\/?page_id=7542\">2024<\/a> | <a href=\"http:\/\/baltystyka.uw.edu.pl\/?page_id=6886\">2023<\/a> |<a href=\"http:\/\/baltystyka.uw.edu.pl\/?page_id=6575\"> 2022<\/a> |<a href=\"http:\/\/baltystyka.uw.edu.pl\/?page_id=6238\">2021<\/a> |&nbsp;<a href=\"http:\/\/baltystyka.uw.edu.pl\/?page_id=5893\">2020<\/a> |&nbsp;<a href=\"http:\/\/baltystyka.uw.edu.pl\/?page_id=5299\">2019<\/a> |<a href=\"http:\/\/baltystyka.uw.edu.pl\/?page_id=4788\">&nbsp;2018<\/a>&nbsp;|&nbsp;<a href=\"\/\/baltystyka.strony.uw.edu.pl\/?page_id=4234\">2017<\/a> &nbsp;<br \/>\n<a href=\"http:\/\/baltystyka.uw.edu.pl\/?page_id=3522&amp;lang=pl\">2016<\/a><a href=\"http:\/\/baltystyka.uw.edu.pl\/?page_id=2430\">&nbsp;<\/a>|&nbsp;<a href=\"http:\/\/baltystyka.uw.edu.pl\/?page_id=2430\">2015<\/a>&nbsp;|&nbsp;<a title=\"2014\" href=\"http:\/\/baltystyka.uw.edu.pl\/?page_id=1679\">2014<\/a>&nbsp;|&nbsp;<a title=\"2013\" href=\"http:\/\/baltystyka.uw.edu.pl\/?page_id=1625\">2013<\/a>&nbsp;|&nbsp;<a title=\"2012\" href=\"http:\/\/baltystyka.uw.edu.pl\/?page_id=1563\">2012<\/a>&nbsp;|&nbsp;<a title=\"2011\" href=\"http:\/\/baltystyka.uw.edu.pl\/?page_id=1484\">2011<\/a> |&nbsp;<a title=\"Kronika 2010\" href=\"http:\/\/baltystyka.uw.edu.pl\/?page_id=1364\">2010<\/a>&nbsp;|&nbsp;<a title=\"Kronika 2009\" href=\"http:\/\/baltystyka.uw.edu.pl\/?page_id=1351\">2009<\/a><\/p>\n<p>&nbsp;<\/p>\n<p>&nbsp;<\/p>\n<p style=\"text-align: center\"><a href=\"http:\/\/baltystyka.uw.edu.pl\/?page_id=6276\">Deklaracja dost\u0119pno\u015bci<\/a><\/p>","protected":false},"excerpt":{"rendered":"<p>JONAS MEKAS \u2014 WIELKA POSTA\u0106 LITEWSKIEJ KULTURY W przysz\u0142ym tygodniu naszym go\u015bciem b\u0119dzie dr Ram\u016bnas \u010ci\u010delis&nbsp;\u2013 literaturoznawca, poeta i eseista, wyk\u0142adowca Uniwersytetu Witolda Wielkiego w Kownie \u2013 kt\u00f3ry wyg\u0142osi dwa wyk\u0142ady po\u015bwi\u0119cone tw\u00f3rczo\u015bci literackiej i filmowej Jonasa Mekasa. &nbsp; Wyk\u0142ady b\u0119d\u0105 prowadzone po litewsku (z obja\u015bnieniami po polsku w razie potrzeby), w sali 4 na &#8230; <a title=\"Aktualno\u015bci\" class=\"read-more\" href=\"http:\/\/baltystyka.uw.edu.pl\/\" aria-label=\"More on Aktualno\u015bci\">Czytaj dalej<\/a><\/p>\n","protected":false},"author":220,"featured_media":0,"parent":0,"menu_order":0,"comment_status":"closed","ping_status":"closed","template":"","meta":{"ngg_post_thumbnail":0,"_links_to":"","_links_to_target":""},"acf":[],"_links":{"self":[{"href":"http:\/\/baltystyka.uw.edu.pl\/index.php?rest_route=\/wp\/v2\/pages\/174"}],"collection":[{"href":"http:\/\/baltystyka.uw.edu.pl\/index.php?rest_route=\/wp\/v2\/pages"}],"about":[{"href":"http:\/\/baltystyka.uw.edu.pl\/index.php?rest_route=\/wp\/v2\/types\/page"}],"author":[{"embeddable":true,"href":"http:\/\/baltystyka.uw.edu.pl\/index.php?rest_route=\/wp\/v2\/users\/220"}],"replies":[{"embeddable":true,"href":"http:\/\/baltystyka.uw.edu.pl\/index.php?rest_route=%2Fwp%2Fv2%2Fcomments&post=174"}],"version-history":[{"count":1782,"href":"http:\/\/baltystyka.uw.edu.pl\/index.php?rest_route=\/wp\/v2\/pages\/174\/revisions"}],"predecessor-version":[{"id":8544,"href":"http:\/\/baltystyka.uw.edu.pl\/index.php?rest_route=\/wp\/v2\/pages\/174\/revisions\/8544"}],"wp:attachment":[{"href":"http:\/\/baltystyka.uw.edu.pl\/index.php?rest_route=%2Fwp%2Fv2%2Fmedia&parent=174"}],"curies":[{"name":"wp","href":"https:\/\/api.w.org\/{rel}","templated":true}]}}