{"id":2231,"date":"2015-02-02T11:08:22","date_gmt":"2015-02-02T10:08:22","guid":{"rendered":"http:\/\/baltystyka.strony.uw.edu.pl\/?page_id=2231"},"modified":"2015-02-16T12:59:59","modified_gmt":"2015-02-16T11:59:59","slug":"2010-2","status":"publish","type":"page","link":"http:\/\/baltystyka.uw.edu.pl\/?page_id=2231","title":{"rendered":"2010"},"content":{"rendered":"<strong>10.12\u201312.12.2010<\/strong> w Radzikowie (k. Warszawy) Ko\u0142o bra\u0142o udzia\u0142 w VII Kongresie K\u00f3\u0142 Naukowych i Artystycznych Uniwersytetu Warszawskiego, zorganizowanym przez Rad\u0119 K\u00f3\u0142 Naukowych UW. Przedstawiciele studenckich organizacji mogli zaprezentowa\u0107 wyniki swoich projekt\u00f3w i podzieli\u0107 si\u0119 do\u015bwiadczeniami. W ramach prezentacji naszej jednostki przedstawiciele Ko\u0142a wyg\u0142osili referat pt. \u201ePrzybli\u017cenie wiedzy o Litwie i \u0141otwie przez Ko\u0142o Naukowe Ba\u0142tyst\u00f3w UW\u201d, gdzie zaprezentowali swoj\u0105 dotychczasow\u0105 dzia\u0142alno\u015b\u0107, nakre\u015blili plany na przysz\u0142o\u015b\u0107 oraz zasi\u0119gn\u0119li opinii od starszych sta\u017cem koleg\u00f3w co do ich s\u0142uszno\u015bci.<\/p>\n<hr \/>\n<p><strong>25.11.2010<\/strong> Happening \u201eAndrzej\u201dki. Z okazji zbli\u017caj\u0105cych si\u0119 \u201eAndrzejek\u201d Ko\u0142o postanowi\u0142o przybli\u017cy\u0107 tradycje litewskie i \u0142otewskie studentom Wydzia\u0142u Polonistyki. Cz\u0142onkowie chodzili po gmachu naszego wydzia\u0142u przebrani w tradycyjne litewskie maski zapustowe i wr\u0119czali ulotki z opisem tradycji litewskich i \u0142otewskich, t\u0142umaczeniem litewskich imion oraz kr\u00f3tki s\u0142owniczek podstawowych zwrot\u00f3w w j\u0119zykach Ba\u0142t\u00f3w. Ponadto wyja\u015bniali zainteresowanym szczeg\u00f3\u0142y obrz\u0119d\u00f3w. Studenci i pracownicy Wydzia\u0142u Polonistyki mogli te\u017c odgadn\u0105\u0107 sw\u0105 przysz\u0142o\u015b\u0107 za po\u015brednictwem tradycyjnych wr\u00f3\u017cb.<\/p>\n<hr \/>\n<p><strong>14.11.2010<\/strong> Wsp\u00f3lne wyj\u015bcie na koncert ch\u00f3ru \u201e\u0104\u017euoliukas\u201d do Archikatedry Warszawskiej \u015bw. Jana Chrzciciela. Podczas koncertu ch\u00f3r z Wilna (pod dyrekcj\u0105 V. Mi\u0161kinisa) oraz Warszawski Ch\u00f3r Ch\u0142opi\u0119cy i M\u0119ski (pod dyrekcj\u0105 K. Kusiel-Moroza) wykona\u0142y wybrane utwory St. Moniuszki, V. Mi\u0161kinisa, K. Nystedta, C. Franca, J. Tallat-Kelp\u0161y.<\/p>\n<hr \/>\n<p><strong>30.09.2010<\/strong> Reprezentanci naszego Ko\u0142a wzi\u0119li udzia\u0142 w otwarciu poplenerowej wystawy artyst\u00f3w z Litwy, \u0141otwy, Bia\u0142orusi, Ukrainy i Polski.<\/p>\n<hr \/>\n<p><strong>25.09.2010<\/strong> Ko\u0142o Naukowe Ba\u0142tyst\u00f3w UW prezentowa\u0142o swoj\u0105 dzia\u0142alno\u015b\u0107 oraz promowa\u0142o kierunek \u201eba\u0142tystyka\u201d podczas \u201eDnia Otwartego\u201d na Uniwersytecie Warszawskim. Nasze pi\u0119knie udekorowane stoisko cieszy\u0142o si\u0119 wyj\u0105tkowym zainteresowaniem kandydat\u00f3w.<\/p>\n<hr \/>\n<p><strong>22.09.2010<\/strong> Byli\u015bmy uczestnikami obchod\u00f3w \u201eDnia Jedno\u015bci Ba\u0142t\u00f3w\u201d w Litewskim Centrum w Warszawie, gdzie brali\u015bmy udzia\u0142 w litewskich i \u0142otewskich imprezach kulturalnych. Nasi studenci poznali nowego ambasadora \u0141otwy w naszym kraju &#8211; pana Einarsa Semanisa i mieli mo\u017cliwo\u015b\u0107 sprawdzenia umiej\u0119tno\u015bci j\u0119zykowych w zakresie j\u0119zyka litewskiego i \u0142otewskiego w praktyce.<\/p>\n<hr \/>\n<p><strong>20\u201327.09.2010<\/strong> Cz\u0142onkowie Ko\u0142a pomagali od strony technicznej przy organizacji \u201eEuropejskiego Dnia J\u0119zyk\u00f3w\u201d.<\/p>\n<hr \/>\n<p><strong>23.07\u201317.08.2010<\/strong> Cz\u0142onkowie Ko\u0142a otrzymali stypendium Rz\u0105du Republiki Litewskiej i wyjechali na letni kurs j\u0119zykowy do K\u0142ajpedy. Tu, opr\u00f3cz doskonalenia swoich umiej\u0119tno\u015bci j\u0119zykowych, poznawali kultur\u0119, histori\u0119 i tradycje Litwy oraz mieli mo\u017cliwo\u015b\u0107 praktycznej weryfikacji swej wiedzy. Cz\u0119\u015b\u0107 Ko\u0142a wyjecha\u0142a tak\u017ce na \u0141otw\u0119, by lepiej pozna\u0107 kultur\u0119 i sztuk\u0119 \u0141otyszy. Wyjazdy zaowocowa\u0142y seri\u0105 referat\u00f3w dotycz\u0105cych kultury obu pa\u0144stw ba\u0142tyckich.<\/p>\n<hr \/>\n<p><strong>15.06.2010<\/strong> Ko\u0142o Naukowe Ba\u0142tyst\u00f3w UW zorganizowa\u0142o wyj\u015bcie na wernisa\u017c wystawy litewskiej sztuki wsp\u00f3\u0142czesnej do Litewskiego Centrum w Warszawie. Studenci mieli okazj\u0119 osobi\u015bcie pozna\u0107 wsp\u00f3\u0142czesnych artyst\u00f3w z Litwy, porozmawia\u0107 z nimi w j. litewskim oraz podziwia\u0107 obrazy.<\/p>\n<hr \/>\n<p><strong>12.06.2010<\/strong> Pomoc cz\u0142onk\u00f3w Ko\u0142a w organizacji XIV Pikniku Naukowego Polskiego Radia i Centrum Nauki Kopernik na stanowisku Kowie\u0144skiego Uniwersytetu Technicznego (Kauno technologijos universitetas). Cz\u0142onkowie Ko\u0142a po\u015bredniczyli w kontaktach mi\u0119dzy studentami litewskimi a odwiedzaj\u0105cymi stanowisko, ponadto przygotowali w\u0142asne ulotki prezentuj\u0105ce j\u0119zyk litewski, uczyli podstawowych zwrot\u00f3w i wierszyka.<\/p>\n<hr \/>\n<p><strong>24.05.2010<\/strong> Ko\u0142o Naukowe Ba\u0142tyst\u00f3w UW pomaga\u0142o na stoisku Litewskiego Zwi\u0105zku Wydawc\u00f3w podczas Mi\u0119dzynarodowych Targ\u00f3w Ksi\u0105\u017cki w Warszawie. By\u0142a to niezwyk\u0142a mo\u017cliwo\u015b\u0107 spotkania i osobistego poznania tw\u00f3rc\u00f3w wsp\u00f3\u0142czesnej literatury litewskiej.<\/p>\n<hr \/>\n<p><strong>24.04.2010<\/strong> Ko\u0142o Naukowe Ba\u0142tyst\u00f3w UW pomaga\u0142o w prezentacji kierunku podczas \u201eDnia Otwartego\u201d na Uniwersytecie Warszawskim. Cz\u0142onkowie Ko\u0142a przygotowali materia\u0142y pogl\u0105dowe i ulotki, kt\u00f3re w atrakcyjny spos\u00f3b przedstawia\u0142y kandydatom studia na ba\u0142tystyce. Osobno zaprezentowano dzia\u0142alno\u015b\u0107 Ko\u0142a.","protected":false},"excerpt":{"rendered":"<p>10.12\u201312.12.2010 w Radzikowie (k. Warszawy) Ko\u0142o bra\u0142o udzia\u0142 w VII Kongresie K\u00f3\u0142 Naukowych i Artystycznych Uniwersytetu Warszawskiego, zorganizowanym przez Rad\u0119 K\u00f3\u0142 Naukowych UW. Przedstawiciele studenckich organizacji mogli zaprezentowa\u0107 wyniki swoich projekt\u00f3w i podzieli\u0107 si\u0119 do\u015bwiadczeniami. W ramach prezentacji naszej jednostki przedstawiciele Ko\u0142a wyg\u0142osili referat pt. \u201ePrzybli\u017cenie wiedzy o Litwie i \u0141otwie przez Ko\u0142o Naukowe Ba\u0142tyst\u00f3w &#8230; <a title=\"2010\" class=\"read-more\" href=\"http:\/\/baltystyka.uw.edu.pl\/?page_id=2231\" aria-label=\"More on 2010\">Czytaj dalej<\/a><\/p>\n","protected":false},"author":220,"featured_media":0,"parent":0,"menu_order":0,"comment_status":"closed","ping_status":"open","template":"","meta":{"ngg_post_thumbnail":0,"_links_to":"","_links_to_target":""},"acf":[],"_links":{"self":[{"href":"http:\/\/baltystyka.uw.edu.pl\/index.php?rest_route=\/wp\/v2\/pages\/2231"}],"collection":[{"href":"http:\/\/baltystyka.uw.edu.pl\/index.php?rest_route=\/wp\/v2\/pages"}],"about":[{"href":"http:\/\/baltystyka.uw.edu.pl\/index.php?rest_route=\/wp\/v2\/types\/page"}],"author":[{"embeddable":true,"href":"http:\/\/baltystyka.uw.edu.pl\/index.php?rest_route=\/wp\/v2\/users\/220"}],"replies":[{"embeddable":true,"href":"http:\/\/baltystyka.uw.edu.pl\/index.php?rest_route=%2Fwp%2Fv2%2Fcomments&post=2231"}],"version-history":[{"count":1,"href":"http:\/\/baltystyka.uw.edu.pl\/index.php?rest_route=\/wp\/v2\/pages\/2231\/revisions"}],"predecessor-version":[{"id":2232,"href":"http:\/\/baltystyka.uw.edu.pl\/index.php?rest_route=\/wp\/v2\/pages\/2231\/revisions\/2232"}],"wp:attachment":[{"href":"http:\/\/baltystyka.uw.edu.pl\/index.php?rest_route=%2Fwp%2Fv2%2Fmedia&parent=2231"}],"curies":[{"name":"wp","href":"https:\/\/api.w.org\/{rel}","templated":true}]}}