{"id":2467,"date":"2015-02-16T12:24:10","date_gmt":"2015-02-16T11:24:10","guid":{"rendered":"http:\/\/baltystyka.strony.uw.edu.pl\/?page_id=2467"},"modified":"2015-02-16T13:00:31","modified_gmt":"2015-02-16T12:00:31","slug":"prof-uw-dr-hab-romuald-huszcza","status":"publish","type":"page","link":"http:\/\/baltystyka.uw.edu.pl\/?page_id=2467","title":{"rendered":"prof. UW dr hab. Romuald Huszcza"},"content":{"rendered":"<h2>Najwa\u017cniejsze publikacje<\/h2>\n<p>Romuald Huszcza, <i>Gramatykalizacje japo\u0144szczyzny<\/i>, Seria \u201eLinguistica Asiatica Orientalia\u201d, Warszawa: Wydawnictwo Wydzia\u0142u Polonistyki Uniwersytetu Warszawskiego, 2012.<\/p>\n<p>Romuald Huszcza, <i>Honoryfikatywno\u015b\u0107 \u2013 Gramatyka. Pragmatyka. Typologia<\/i>, Warszawa: Wydawnictwo Akademickie DIALOG, 1996 (257 s.); wyd. II popr. i uzup., Warszawa: Wydawnictwo Naukowe PWN, 2006.<\/p>\n<p><i>Studia z j\u0119zykoznawstwa japo\u0144skiego<\/i>, pod redakcj\u0105 naukow\u0105 Romualda Huszczy, Jaros\u0142awa A. Pietrowa, Bartosza T. Wojciechowskiego, Biblioteka Fundacji im. Takashimy, Seria \u201eLinguistica Asiatica Orientalia\u201d, Warszawa: Wydawnictwo Wydzia\u0142u Polonistyki Uniwersytetu Warszawskiego, 2013.<\/p>\n<p><i>Podr\u0119cznik j\u0119zyka korea\u0144skiego \u2013 cz\u0119\u015b\u0107 I (kurs podstawowy)<\/i>, red. Halina Ogarek-Czoj, Romuald Huszcza, Gunn-Young Choi, Warszawa: Wydawnictwo Akademickie DIALOG, 1994. (265 s.); II wyd. popr. i przejrz.: Warszawa: Wydawnictwo Akademickie DIALOG, 1997; III wyd.: Warszawa 2007.<\/p>\n<p><i>Nazewnictwo geograficzne \u015bwiata. Z. 9, Azja Wschodnia<\/i>, oprac. Romuald Huszcza et al.; red. prowadz\u0105cy Maciej Zych; Komisja Standaryzacji Nazw Geograficznych poza granicami Polski przy G\u0142\u00f3wnym Geodecie Kraju, Warszawa: G\u0142\u00f3wny Urz\u0105d Geodezji i Kartografii, 2006.<\/p>\n<p><i>Gramatyka japo\u0144ska. Podr\u0119cznik z \u0107wiczeniami<\/i>, t. 1, red. Romuald Huszcza, Maho Ikushima, Jan Majewski, Warszawa: Wydawnictwo Akademickie DIALOG, 1998. (518 s.); wyd. II, Krak\u00f3w: Wydawnictwo Uniwersytetu Jagiello\u0144skiego, 2003.<\/p>\n<p><i>Gramatyka japo\u0144ska. Podr\u0119cznik z \u0107wiczeniami, t. 2<\/i>, red. Romuald Huszcza, Maho Ikushima, Jan Majewski, Jaros\u0142aw Pietrow, Krak\u00f3w: Wydawnictwo Uniwersytetu Jagiello\u0144skiego, 2003.<\/p>\n<p><i>Pogranicza j\u0119zyk\u00f3w. Pogranicza kultur. Studia ofiarowane El\u017cbiecie Smu\u0142kowej<\/i>, red. Anna Engelking, Romuald Huszcza, Warszawa: nak\u0142adem Wydawnictwa Wydzia\u0142u Polonistyki Uniwersytetu Warszawskiego, 2003.<\/p>\n<p><i>Prace j\u0119zykoznawcze dedykowane Profesor Jadwidze Sambor<\/i>, red. Romuald Huszcza, Jadwiga Linde-Usiekniewicz, Warszawa: nak\u0142adem Wydawnictwa Wydzia\u0142u Polonistyki Uniwersytetu Warszawskiego, 2003.<\/p>\n<p><i>Proceedings of Warsaw Symposium on Japanese Studies, 23-26 November 1994: to commemorate 75 years of the Japanese language teaching at Warsaw University<\/i>, ed. by Agnieszka Kozyra and Romuald Huszcza witch the coop. of Shigemasa Kukimoto, Warsaw: Department of Japanese and Korean Studies Oriental Institute Warsaw University: Wydawnictwo Akademickie DIALOG, 1999.<\/p>\n<p><i>To commemorate 75 Years of the Japanese Language Teaching at Warsaw University. Proceedings of Warsaw Symposium on Japanese Studies<\/i>, ed. by Agnieszka Kozyra and Romuald Huszcza witch the coop., Warsaw 1999, Department of Japanese and Korean Studies, Warsaw University, Oriental Institute, Wydawnictwo Akademickie DIALOG.<\/p>\n<p><i>Podr\u0119cznik j\u0119zyka korea\u0144skiego \u2013 cz\u0119\u015b\u0107 II kurs dla zaawansowanych<\/i>, red. Halina Ogarek-Czoj, Romuald Huszcza, Gunn-Young Choi, Warszawa: Wydawnictwo Akademickie DIALOG, 1995.<\/p>\n<p><i>Problemy i metody j\u0119zykoznawstwa synchronicznego i diachronicznego<\/i>, red. Jadwiga Sambor, Jadwiga Linde-Usiekniewicz, Romuald Huszcza, Warszawa: 1994.<\/p>\n<p><i>J\u0119zykoznawstwo synchroniczne i diachroniczne. Tom po\u015bwi\u0119cony pami\u0119ci Adama Weinsberga<\/i>, red. Romuald Huszcza, Jadwiga Linde-Usiekniewicz, Jadwiga Sambor, Warszawa: Wydawnictwa Uniwersytetu Warszawskiego, 1993.<\/p>\n<p><i>Prace z j\u0119zykoznawstwa og\u00f3lnego i kontrastywnego<\/i>, pod red. nauk. Jadwigi Sambor i Romualda Huszczy, Warszawa: Wydawnictwa Uniwersytetu Warszawskiego, 1991.","protected":false},"excerpt":{"rendered":"<p>Najwa\u017cniejsze publikacje Romuald Huszcza, Gramatykalizacje japo\u0144szczyzny, Seria \u201eLinguistica Asiatica Orientalia\u201d, Warszawa: Wydawnictwo Wydzia\u0142u Polonistyki Uniwersytetu Warszawskiego, 2012. Romuald Huszcza, Honoryfikatywno\u015b\u0107 \u2013 Gramatyka. Pragmatyka. Typologia, Warszawa: Wydawnictwo Akademickie DIALOG, 1996 (257 s.); wyd. II popr. i uzup., Warszawa: Wydawnictwo Naukowe PWN, 2006. Studia z j\u0119zykoznawstwa japo\u0144skiego, pod redakcj\u0105 naukow\u0105 Romualda Huszczy, Jaros\u0142awa A. Pietrowa, Bartosza T. &#8230; <a title=\"prof. UW dr hab. Romuald Huszcza\" class=\"read-more\" href=\"http:\/\/baltystyka.uw.edu.pl\/?page_id=2467\" aria-label=\"More on prof. UW dr hab. Romuald Huszcza\">Czytaj dalej<\/a><\/p>\n","protected":false},"author":220,"featured_media":0,"parent":0,"menu_order":0,"comment_status":"closed","ping_status":"open","template":"","meta":{"ngg_post_thumbnail":0,"_links_to":"","_links_to_target":""},"acf":[],"_links":{"self":[{"href":"http:\/\/baltystyka.uw.edu.pl\/index.php?rest_route=\/wp\/v2\/pages\/2467"}],"collection":[{"href":"http:\/\/baltystyka.uw.edu.pl\/index.php?rest_route=\/wp\/v2\/pages"}],"about":[{"href":"http:\/\/baltystyka.uw.edu.pl\/index.php?rest_route=\/wp\/v2\/types\/page"}],"author":[{"embeddable":true,"href":"http:\/\/baltystyka.uw.edu.pl\/index.php?rest_route=\/wp\/v2\/users\/220"}],"replies":[{"embeddable":true,"href":"http:\/\/baltystyka.uw.edu.pl\/index.php?rest_route=%2Fwp%2Fv2%2Fcomments&post=2467"}],"version-history":[{"count":1,"href":"http:\/\/baltystyka.uw.edu.pl\/index.php?rest_route=\/wp\/v2\/pages\/2467\/revisions"}],"predecessor-version":[{"id":2468,"href":"http:\/\/baltystyka.uw.edu.pl\/index.php?rest_route=\/wp\/v2\/pages\/2467\/revisions\/2468"}],"wp:attachment":[{"href":"http:\/\/baltystyka.uw.edu.pl\/index.php?rest_route=%2Fwp%2Fv2%2Fmedia&parent=2467"}],"curies":[{"name":"wp","href":"https:\/\/api.w.org\/{rel}","templated":true}]}}