{"id":600,"date":"2015-01-09T13:39:45","date_gmt":"2015-01-09T12:39:45","guid":{"rendered":"http:\/\/localhost\/wordpress\/?page_id=600"},"modified":"2026-03-11T01:22:39","modified_gmt":"2026-03-11T00:22:39","slug":"adresy-e-mailowe-pracownikow-i-wspolpracownikow-kjowpib","status":"publish","type":"page","link":"http:\/\/baltystyka.uw.edu.pl\/?page_id=600","title":{"rendered":"Adresy e-mailowe pracownik\u00f3w i wsp\u00f3\u0142pracownik\u00f3w KJOMiB"},"content":{"rendered":"mgr Irena Aleksa: <a href=\"mailto:irenaaleksa@uw.edu.pl\">irenaaleksa@uw.edu.pl<\/a><br \/>\ndr Nijola Birgiel: <a href=\"mailto:n.birgiel@uw.edu.pl\">n.birgiel@uw.edu.pl<\/a>,<br \/>\ndr Pawe\u0142 Brudzy\u0144ski: <a href=\"mailto:p.brudzynski@uw.edu.pl\">p.brudzynski@uw.edu.pl<\/a><br \/>\nmgr Bartosz Chmielewski: <a href=\"mailto:bartosz.chmielewski@uw.edu.pl\">bartosz.chmielewski@uw.edu.pl<\/a><br \/>\ndr J\u016brat\u0117 \u010cer\u0161kut\u0117:&nbsp;<a href=\"mailto:jurate.cerskute@gmail.com\">jurate.cerskute@gmail.com<\/a><br \/>\nprof. dr hab. Romuald Huszcza:&nbsp;<a href=\"mailto:rhuszczajp@yahoo.co.jp\">rhuszczajp@yahoo.co.jp<\/a><br \/>\ndr Alicja Kitlasz: <a href=\"mailto:alicjakitlasz@uw.edu.pl\">alicjakitlasz@uw.edu.pl<\/a><br \/>\ndr Pawe\u0142 Lesisz: <a href=\"mailto:paw.lesisz@gmail.com\">paw.lesisz@gmail.com<\/a><br \/>\nprof. dr hab. Jadwiga Linde-Usiekniewicz:&nbsp;<a href=\"mailto:jlinde@uw.edu.pl\">jlindeus@uw.edu.pl<\/a><a href=\"mailto:zz.shtals@gmail.com\"><br \/>\n<\/a>dr Monika Michaliszyn:&nbsp;<a href=\"mailto:m.michaliszyn@uw.edu.pl\">m.michaliszyn@uw.edu.pl<\/a><br \/>\ndr Zofia Mitan-Gawryszewska: <a href=\"mailto:z.mitan@uw.edu.pl\">z.mitan@uw.edu.pl<\/a><br \/>\ndr Justyna Prusinowska:&nbsp;<a href=\"mailto:j.prusinowska@uw.edu.pl\">j.prusinowska@uw.edu.pl<\/a><br \/>\nmgr Agnieszka Rembia\u0142kowska: <a href=\"mailto:a.rembialkowska@uw.edu.pl\">a.rembialkowska@uw.edu.pl<\/a><br \/>\ndr Ana Roman\u010duk:&nbsp;<a href=\"mailto:a.romancuk@uw.edu.pl\">a.romancuk@uw.edu.pl<br \/>\n<\/a>dr hab. Danuta Roszko:&nbsp;<a href=\"mailto:d.roszko@uw.edu.pl\">d.roszko@uw.edu.pl<\/a><br \/>\nprof. ucz. dr hab. Pawe\u0142 Rutkowski: <a href=\"mailto:p.rutkowski@uw.edu.pl\">p.rutkowski@uw.edu.pl<\/a><br \/>\ndr hab. Inesa Szulska:&nbsp;<a href=\"mailto:iszulska@uw.edu.pl\">iszulska@uw.edu.pl<\/a><span style=\"line-height: 1.5\"><br \/>\ndr Joanna Tabor: <a href=\"mailto:j.tabor@uw.edu.pl\">j.tabor@uw.edu.pl<\/a>,&nbsp;<\/span><a href=\"mailto:jtabor.baltystyka@gmail.com\">jtabor.baltystyka@gmail.com<\/a><br \/>\nmgr Marta Wi\u015blicka: <a href=\"mailto:marta.wislicka@uw.edu.pl\">marta.wislicka@uw.edu.pl<\/a><br \/>\n<span style=\"line-height: 1.5\">dr Jan Wi\u015blicki: <\/span><a style=\"line-height: 1.5\" href=\"mailto:j.wislicki@uw.edu.pl\">j.wislicki@uw.edu.pl<br \/>\n<\/a><br \/>\n<a href=\"mailto:alewasp@gmail.com\"><br \/>\n<\/a>","protected":false},"excerpt":{"rendered":"<p>mgr Irena Aleksa: irenaaleksa@uw.edu.pl dr Nijola Birgiel: n.birgiel@uw.edu.pl, dr Pawe\u0142 Brudzy\u0144ski: p.brudzynski@uw.edu.pl mgr Bartosz Chmielewski: bartosz.chmielewski@uw.edu.pl dr J\u016brat\u0117 \u010cer\u0161kut\u0117:&nbsp;jurate.cerskute@gmail.com prof. dr hab. Romuald Huszcza:&nbsp;rhuszczajp@yahoo.co.jp dr Alicja Kitlasz: alicjakitlasz@uw.edu.pl dr Pawe\u0142 Lesisz: paw.lesisz@gmail.com prof. dr hab. Jadwiga Linde-Usiekniewicz:&nbsp;jlindeus@uw.edu.pl dr Monika Michaliszyn:&nbsp;m.michaliszyn@uw.edu.pl dr Zofia Mitan-Gawryszewska: z.mitan@uw.edu.pl dr Justyna Prusinowska:&nbsp;j.prusinowska@uw.edu.pl mgr Agnieszka Rembia\u0142kowska: a.rembialkowska@uw.edu.pl dr Ana Roman\u010duk:&nbsp;a.romancuk@uw.edu.pl dr &#8230; <a title=\"Adresy e-mailowe pracownik\u00f3w i wsp\u00f3\u0142pracownik\u00f3w KJOMiB\" class=\"read-more\" href=\"http:\/\/baltystyka.uw.edu.pl\/?page_id=600\" aria-label=\"More on Adresy e-mailowe pracownik\u00f3w i wsp\u00f3\u0142pracownik\u00f3w KJOMiB\">Czytaj dalej<\/a><\/p>\n","protected":false},"author":220,"featured_media":0,"parent":0,"menu_order":0,"comment_status":"closed","ping_status":"open","template":"","meta":{"ngg_post_thumbnail":0,"_links_to":"","_links_to_target":""},"acf":[],"_links":{"self":[{"href":"http:\/\/baltystyka.uw.edu.pl\/index.php?rest_route=\/wp\/v2\/pages\/600"}],"collection":[{"href":"http:\/\/baltystyka.uw.edu.pl\/index.php?rest_route=\/wp\/v2\/pages"}],"about":[{"href":"http:\/\/baltystyka.uw.edu.pl\/index.php?rest_route=\/wp\/v2\/types\/page"}],"author":[{"embeddable":true,"href":"http:\/\/baltystyka.uw.edu.pl\/index.php?rest_route=\/wp\/v2\/users\/220"}],"replies":[{"embeddable":true,"href":"http:\/\/baltystyka.uw.edu.pl\/index.php?rest_route=%2Fwp%2Fv2%2Fcomments&post=600"}],"version-history":[{"count":47,"href":"http:\/\/baltystyka.uw.edu.pl\/index.php?rest_route=\/wp\/v2\/pages\/600\/revisions"}],"predecessor-version":[{"id":8464,"href":"http:\/\/baltystyka.uw.edu.pl\/index.php?rest_route=\/wp\/v2\/pages\/600\/revisions\/8464"}],"wp:attachment":[{"href":"http:\/\/baltystyka.uw.edu.pl\/index.php?rest_route=%2Fwp%2Fv2%2Fmedia&parent=600"}],"curies":[{"name":"wp","href":"https:\/\/api.w.org\/{rel}","templated":true}]}}