{"id":602,"date":"2015-01-09T13:42:44","date_gmt":"2015-01-09T12:42:44","guid":{"rendered":"http:\/\/localhost\/wordpress\/?page_id=602"},"modified":"2026-05-13T11:03:07","modified_gmt":"2026-05-13T09:03:07","slug":"dyzury-pracownikow-kjowpib-w-semestrze-zimowym-roku-akademickim-20142015","status":"publish","type":"page","link":"http:\/\/baltystyka.uw.edu.pl\/?page_id=602","title":{"rendered":"Dy\u017cury w roku akademickim 2025\/2026"},"content":{"rendered":"<h2><strong>Dy\u017cury w semestrze letnim<\/strong><\/h2>\n<table style=\"width: 100%;height: 438px\" width=\"100%\">\n<tbody>\n<tr style=\"height: 48px\">\n<td style=\"height: 31px;width: 470.575px\"><strong>PRACOWNICY<\/strong><\/td>\n<td style=\"height: 31px;width: 490.225px\"><strong><em>Dy\u017cury odbywaj\u0105 si\u0119 w pok. 1<br \/>\n(w budynku przy ul. Obo\u017anej 8)<br \/>\n<\/em><\/strong><\/p>\n<h6><em>Inne terminy spotka\u0144 s\u0105 mo\u017cliwe<br \/>\n<\/em><em>po um\u00f3wieniu e-mailowym<br \/>\n<\/em><\/h6>\n<\/td>\n<\/tr>\n<tr>\n<td style=\"width: 470.575px\">prof. dr hab. Jadwiga Linde-Usiekniewicz<\/td>\n<td style=\"width: 490.225px\">poniedzia\u0142ki, 16:45-17:45<\/td>\n<\/tr>\n<tr style=\"height: 48px\">\n<td style=\"height: 10px;width: 470.575px\">dr hab. Danuta Roszko<\/td>\n<td style=\"height: 10px;width: 490.225px\">wtorki, 12:00-13:00<\/td>\n<\/tr>\n<tr style=\"height: 48px\">\n<td style=\"height: 36px;width: 470.575px\">prof. ucz. dr hab. Inesa Szulska<\/td>\n<td style=\"height: 36px;width: 490.225px\">czwartki, 11:30-12:30<\/td>\n<\/tr>\n<tr style=\"height: 48px\">\n<td style=\"height: 24px;width: 470.575px\">dr Nijola Birgiel&nbsp;<\/td>\n<td style=\"height: 24px;width: 490.225px\">poniedzia\u0142ki, 13:00-14:00<\/td>\n<\/tr>\n<tr style=\"height: 48px\">\n<td style=\"height: 27px;width: 470.575px\">dr Pawe\u0142 Brudzy\u0144ski<\/td>\n<td style=\"height: 27px;width: 490.225px\">wtorki, 13:00-13:30&nbsp;<\/td>\n<\/tr>\n<tr style=\"height: 48px\">\n<td style=\"height: 24px;width: 470.575px\">dr Monika Michaliszyn<\/td>\n<td style=\"height: 24px;width: 490.225px\">wtorki, 15:30-16:30<\/td>\n<\/tr>\n<tr style=\"height: 48px\">\n<td style=\"height: 33px;width: 470.575px\">dr Justyna Prusinowska<\/td>\n<td style=\"height: 33px;width: 490.225px\">wtorki, 10:45-11:30<\/td>\n<\/tr>\n<tr style=\"height: 48px\">\n<td style=\"height: 32px;width: 470.575px\">dr Joanna Tabor<\/td>\n<td style=\"height: 32px;width: 490.225px\">czwartki, 13:30-14:30<br \/>\n<span style=\"color: #ff0000\">uwaga: dy\u017cur 14 maja zostaje odwo\u0142any<\/span><\/td>\n<\/tr>\n<tr style=\"height: 48px\">\n<td style=\"height: 27px;width: 470.575px\">mgr Irena Aleksa<\/td>\n<td style=\"height: 27px;width: 490.225px\">pi\u0105tki, 10:30-11:30<\/td>\n<\/tr>\n<tr style=\"height: 48px\">\n<td style=\"height: 24px;width: 470.575px\">dr Zofia Mitan<\/td>\n<td style=\"height: 24px;width: 490.225px\">czwartki, 11:30-12:30<em><br \/>\n<\/em><\/td>\n<\/tr>\n<tr style=\"height: 48px\">\n<td style=\"height: 26px;width: 470.575px\">mgr Agnieszka Rembia\u0142kowska<\/td>\n<td style=\"height: 26px;width: 490.225px\">czwartki, 15:00-16:00&nbsp;<\/td>\n<\/tr>\n<tr style=\"height: 48px\">\n<td style=\"height: 24px;width: 470.575px\">mgr Marta Wi\u015blicka<\/td>\n<td style=\"height: 24px;width: 490.225px\">\u015brody, 13:00-14:00&nbsp;<\/td>\n<\/tr>\n<tr style=\"height: 48px\">\n<td style=\"height: 24px;width: 470.575px\">dr Alicja Kitlasz<\/td>\n<td style=\"height: 24px;width: 490.225px\">\u015brody, 13:00-14:00&nbsp;<\/td>\n<\/tr>\n<tr style=\"height: 48px\">\n<td style=\"height: 48px;width: 470.575px\"><strong>WSP\u00d3\u0141PRACOWNICY DYDAKTYCZNI<\/strong><\/td>\n<td style=\"height: 48px;width: 490.225px\">&nbsp;<\/td>\n<\/tr>\n<tr style=\"height: 24px\">\n<td style=\"height: 24px;width: 470.575px\">dr J\u016brat\u0117 \u010cer\u0161kut\u0117<\/td>\n<td style=\"height: 24px;width: 490.225px\"><em>po um\u00f3wieniu e-mailowym<\/em><\/td>\n<\/tr>\n<tr style=\"height: 24px\">\n<td style=\"height: 24px;width: 470.575px\">dr Pawe\u0142 Lesisz<\/td>\n<td style=\"height: 24px;width: 490.225px\"><em>po um\u00f3wieniu e-mailowym<\/em><\/td>\n<\/tr>\n<\/tbody>\n<\/table>\n<p>&nbsp;","protected":false},"excerpt":{"rendered":"<p>Dy\u017cury w semestrze letnim PRACOWNICY Dy\u017cury odbywaj\u0105 si\u0119 w pok. 1 (w budynku przy ul. Obo\u017anej 8) Inne terminy spotka\u0144 s\u0105 mo\u017cliwe po um\u00f3wieniu e-mailowym prof. dr hab. Jadwiga Linde-Usiekniewicz poniedzia\u0142ki, 16:45-17:45 dr hab. Danuta Roszko wtorki, 12:00-13:00 prof. ucz. dr hab. Inesa Szulska czwartki, 11:30-12:30 dr Nijola Birgiel&nbsp; poniedzia\u0142ki, 13:00-14:00 dr Pawe\u0142 Brudzy\u0144ski wtorki, &#8230; <a title=\"Dy\u017cury w roku akademickim 2025\/2026\" class=\"read-more\" href=\"http:\/\/baltystyka.uw.edu.pl\/?page_id=602\" aria-label=\"More on Dy\u017cury w roku akademickim 2025\/2026\">Czytaj dalej<\/a><\/p>\n","protected":false},"author":220,"featured_media":0,"parent":0,"menu_order":0,"comment_status":"closed","ping_status":"open","template":"","meta":{"ngg_post_thumbnail":0,"_links_to":"","_links_to_target":""},"acf":[],"_links":{"self":[{"href":"http:\/\/baltystyka.uw.edu.pl\/index.php?rest_route=\/wp\/v2\/pages\/602"}],"collection":[{"href":"http:\/\/baltystyka.uw.edu.pl\/index.php?rest_route=\/wp\/v2\/pages"}],"about":[{"href":"http:\/\/baltystyka.uw.edu.pl\/index.php?rest_route=\/wp\/v2\/types\/page"}],"author":[{"embeddable":true,"href":"http:\/\/baltystyka.uw.edu.pl\/index.php?rest_route=\/wp\/v2\/users\/220"}],"replies":[{"embeddable":true,"href":"http:\/\/baltystyka.uw.edu.pl\/index.php?rest_route=%2Fwp%2Fv2%2Fcomments&post=602"}],"version-history":[{"count":476,"href":"http:\/\/baltystyka.uw.edu.pl\/index.php?rest_route=\/wp\/v2\/pages\/602\/revisions"}],"predecessor-version":[{"id":8545,"href":"http:\/\/baltystyka.uw.edu.pl\/index.php?rest_route=\/wp\/v2\/pages\/602\/revisions\/8545"}],"wp:attachment":[{"href":"http:\/\/baltystyka.uw.edu.pl\/index.php?rest_route=%2Fwp%2Fv2%2Fmedia&parent=602"}],"curies":[{"name":"wp","href":"https:\/\/api.w.org\/{rel}","templated":true}]}}