{"id":663,"date":"2015-01-12T11:09:59","date_gmt":"2015-01-12T10:09:59","guid":{"rendered":"http:\/\/localhost\/wordpress\/?page_id=663"},"modified":"2025-02-25T00:08:49","modified_gmt":"2025-02-24T23:08:49","slug":"663-2","status":"publish","type":"page","link":"http:\/\/baltystyka.uw.edu.pl\/?page_id=663","title":{"rendered":"Prace Ba\u0142tystyczne"},"content":{"rendered":"<h2><img loading=\"lazy\" class=\"alignleft size-full wp-image-658\" src=\"http:\/\/baltystyka.uw.edu.pl\/wp-content\/uploads\/sites\/46\/2015\/02\/PB1_okladka.png\" alt=\"PB1_okladka\" width=\"150\" height=\"212\">Tom 1:<\/h2>\n<h3>PRACE BA\u0141TYSTYCZNE. J\u0118ZYK, LITERATURA, KULTURA<\/h3>\n<p>redakcja: Norbert Ostrowski, Ona Vai\u010diulyt\u0117-Roman\u010duk<br \/>\nrecenzje wydawnicze: Micha\u0142 Hasiuk, Algis Kal\u0117da<br \/>\nISBN: 83-87608-84-X<br \/>\nWarszawa 2003; nak\u0142adem Wydzia\u0142u Polonistyki Uniwersytetu Warszawskiego, 204 ss.<br \/>\n<strong>\u203a<\/strong> <a href=\"http:\/\/baltystyka.uw.edu.pl\/wp-content\/uploads\/sites\/46\/2022\/10\/pb1spis-tresci.pdf\">spis tre\u015bci<\/a><br \/>\n&nbsp;<\/p>\n<hr>\n<p><img loading=\"lazy\" class=\"alignleft size-full wp-image-659\" src=\"http:\/\/baltystyka.uw.edu.pl\/wp-content\/uploads\/sites\/46\/2015\/02\/PB2_okladka.png\" alt=\"PB2_okladka\" width=\"150\" height=\"212\"><\/p>\n<h2>Tom 2:<\/h2>\n<h3>PRACE BA\u0141TYSTYCZNE 2. J\u0118ZYK, LITERATURA, KULTURA<\/h3>\n<p>redakcja: Ona Vai\u010diulyt\u0117-Roman\u010duk, Norbert Ostrowski<br \/>\nrecenzje wydawnicze: Jerzy Ba\u0144czerowski, Romuald Huszcza<br \/>\nkorekta: Marta Grzybowska<br \/>\nISBN: 83-89663-01-5<br \/>\nWarszawa 2005; nak\u0142adem Wydzia\u0142u Polonistyki Uniwersytetu Warszawskiego, 164 ss.<br \/>\n<strong>\u203a<\/strong> <a href=\"http:\/\/baltystyka.uw.edu.pl\/wp-content\/uploads\/sites\/46\/2022\/10\/pb2-spis-tresci.pdf\">spis tre\u015bci<\/a><\/p>\n<hr>\n<h2><img loading=\"lazy\" class=\"alignleft size-full wp-image-660\" src=\"http:\/\/baltystyka.uw.edu.pl\/wp-content\/uploads\/sites\/46\/2015\/02\/PB3_okladka_m.png\" alt=\"PB3_okladka_m\" width=\"150\" height=\"212\">Tom 3:<\/h2>\n<h3>PRACE BA\u0141TYSTYCZNE 3. J\u0118ZYK, LITERATURA, KULTURA<\/h3>\n<p>redakcja: Nijola Birgiel, Mirijana Kozak<br \/>\nrecenzje wydawnicze: Jerzy Ba\u0144czerowski, Jadwiga Linde<br \/>\nkorekta: Marta Grzybowska<br \/>\nISBN: 83-89663-52-X<br \/>\nWarszawa 2006; nak\u0142adem Wydzia\u0142u Polonistyki Uniwersytetu Warszawskiego, 468 ss.<br \/>\n<strong>\u203a<\/strong> <a href=\"http:\/\/baltystyka.uw.edu.pl\/wp-content\/uploads\/sites\/46\/2022\/10\/pb3-spis-tresci.pdf\">spis tre\u015bci<\/a><a href=\"http:\/\/baltystyka.uw.edu.pl\/wp-content\/uploads\/sites\/46\/2022\/10\/pb3-spis-tresci.pdf\"><br \/>\n<\/a>(Tom zawiera referaty wyg\u0142oszone podczas organizowanej przez KJOB mi\u0119dzynarodowej konferencji naukowej \u201eBa\u0142tystyka jako filologia rodzima i&nbsp;filologia obca\u201d; konferencja odby\u0142a&nbsp;si\u0119 w&nbsp;Warszawie w&nbsp;marcu 2005&nbsp;r.)<\/p>\n<hr>\n<p><img loading=\"lazy\" class=\"alignleft size-full wp-image-661\" src=\"http:\/\/baltystyka.uw.edu.pl\/wp-content\/uploads\/sites\/46\/2015\/02\/PB4_okladka.png\" alt=\"PB4_okladka\" width=\"150\" height=\"212\"><\/p>\n<h2>Tom 4:<\/h2>\n<h3>J\u0118ZYK, LITERATURA, KULTURA<\/h3>\n<p>redakcja: Nijola Birgiel<br \/>\nrecenzje wydawnicze: Nicole Nau, Axel Holvoet<br \/>\nwsp\u00f3\u0142praca: Marta Grzybowska<br \/>\nkorekta: Marta Grzybowska, Agnieszka Rembia\u0142kowska<br \/>\nISBN: 978-83-89663-44-3<br \/>\nWarszawa 2009; nak\u0142adem Wydzia\u0142u Polonistyki Uniwersytetu Warszawskiego, 190 ss.<br \/>\n<strong>\u203a<\/strong> <a href=\"http:\/\/baltystyka.uw.edu.pl\/wp-content\/uploads\/sites\/46\/2022\/10\/PB4-spis.pdf\">spis tre\u015bci<\/a><\/p>\n<hr>\n<p><img loading=\"lazy\" class=\"alignleft size-full wp-image-662\" src=\"http:\/\/baltystyka.uw.edu.pl\/wp-content\/uploads\/sites\/46\/2015\/02\/PB5_cover_0001.png\" alt=\"PB5_cover_0001\" width=\"150\" height=\"212\"><\/p>\n<h2>Tom 5:<\/h2>\n<h3>PRACE BA\u0141TYSTYCZNE 5. J\u0118ZYK, LITERATURA, KULTURA<\/h3>\n<p>redakcja: Marta Grzybowska, Inesa Szulska<br \/>\nrecenzje wydawnicze: Nicole Nau, Andrzej Zieniewicz, Ewa Ihnatowicz, Kristina Lenartait\u0117-Gotau\u010dien\u0117, Vaiva \u017deimantien\u0117<br \/>\nrada redakcyjna: Marta Grzybowska, Axel Holvoet, Agnieszka Rembia\u0142kowska, Ana Roman\u010duk, Inesa Szulska<br \/>\nkorekta: Marta Grzybowska, Inesa Szulska<br \/>\nISBN: 978-83-62100-39-2<br \/>\nWarszawa 2014; nak\u0142adem Wydzia\u0142u Polonistyki Uniwersytetu Warszawskiego, 296 ss.<br \/>\n<strong>\u203a<\/strong> <a href=\"http:\/\/baltystyka.uw.edu.pl\/wp-content\/uploads\/sites\/46\/2022\/10\/spis-PB-5.pdf\">spis tre\u015bci<\/a><\/p>\n<hr>\n<h2><img class=\"thumbnail alignleft\" src=\"http:\/\/baltystyka.uw.edu.pl\/wp-content\/uploads\/sites\/46\/2022\/10\/PB-6-okladka_mala.png\" alt=\"\">Tom 6:<\/h2>\n<h3>PRACE BA\u0141TYSTYCZNE 6. J\u0118ZYK, LITERATURA, KULTURA<\/h3>\n<p>redakcja: Marta Grzybowska, Monika Michaliszyn, Joanna Tabor<br \/>\nrecenzje wydawnicze: Andrzej Guzek, Romuald Huszcza, Algis Kal\u0117da, Grzegorz Leszczy\u0144ski, Nicole Nau<br \/>\nrada redakcyjna: Marta Grzybowska, Axel Holvoet, Agnieszka Rembia\u0142kowska, Ana Roman\u010duk, Inesa Szulska<br \/>\nkorekta: \u0141ucja Matusiak<br \/>\nISBN: 978-83-64111-91-4<br \/>\nWarszawa 2016; nak\u0142adem Wydzia\u0142u Polonistyki Uniwersytetu Warszawskiego, 373 ss.<br \/>\n<span style=\"color: #000000\"><strong>\u203a<\/strong>&nbsp;<\/span><a href=\"http:\/\/baltystyka.uw.edu.pl\/wp-content\/uploads\/sites\/46\/2022\/10\/spis-tresci_PB_6.pdf\">spis tre\u015bci<\/a><\/p>\n<hr>\n<h2><img class=\"thumbnail alignleft\" src=\"http:\/\/baltystyka.uw.edu.pl\/wp-content\/uploads\/sites\/46\/2022\/10\/okladka-pb-7_mala.png\" alt=\"\">Tom 7:<\/h2>\n<h3>PRACE BA\u0141TYSTYCZNE 7. J\u0118ZYK, LITERATURA, KULTURA<\/h3>\n<p>redakcja: Nijola Birgiel, Danuta Roszko<br \/>\nrecenzje wydawnicze: Romuald Huszcza, Regina Ko\u017eeniauskien\u0117, Alina Molisak, Norbert Ostrowski, Ewa Stryczy\u0144ska-Hodyl<br \/>\nrada redakcyjna: Marta Grzybowska, Axel Holvoet, Agnieszka Rembia\u0142kowska, Ana Roman\u010duk,<br \/>\nInesa Szulska<br \/>\nkorekta: Zofia Mitan-Gawryszewska<br \/>\nISBN: 978-83-65667-79-3<br \/>\nWarszawa 2018; nak\u0142adem Wydzia\u0142u Polonistyki Uniwersytetu Warszawskiego, 384 ss.<br \/>\n<strong>\u203a <\/strong><a href=\"http:\/\/baltystyka.uw.edu.pl\/wp-content\/uploads\/sites\/46\/2022\/10\/spis-tresci_PB_7.pdf\">spis tre\u015bci<\/a><\/p>\n<p>&nbsp;<\/p>\n<p><img loading=\"lazy\" class=\"wp-image-7086 alignleft\" src=\"http:\/\/baltystyka.uw.edu.pl\/wp-content\/uploads\/sites\/46\/2023\/07\/pol_pm_Prace-Baltystyczne-Jezyk-Literatura-Kultura-t-8-18315_1.png\" alt=\"\" width=\"157\" height=\"224\" srcset=\"http:\/\/baltystyka.uw.edu.pl\/wp-content\/uploads\/sites\/46\/2023\/07\/pol_pm_Prace-Baltystyczne-Jezyk-Literatura-Kultura-t-8-18315_1.png 298w, http:\/\/baltystyka.uw.edu.pl\/wp-content\/uploads\/sites\/46\/2023\/07\/pol_pm_Prace-Baltystyczne-Jezyk-Literatura-Kultura-t-8-18315_1-768x1095.png 768w\" sizes=\"(max-width: 157px) 100vw, 157px\" \/><\/p>\n<h2>Tom 8:<\/h2>\n<h3>PRACE BA\u0141TYSTYCZNE 8. J\u0118ZYK, LITERATURA, KULTURA<\/h3>\n<p>redakcja: Justyna Prusinowska, Danuta Roszko, Inesa Szulska<br \/>\nrecenzje wydawnicze: Joanna Chojnicka, Inguna Daukste-Silaspro\u0123e, Kinga Geben, Ieva Kalni\u0146a, Vytautas Kardelis, Danguol\u0117 Mikul\u0117nien\u0117, Maria Jolanta Olszewska, Norbert Ostrowski, Jurgita \u017dana Ra\u0161kevi\u010di\u016bt\u0117-Andriukonien\u0117, Ewa Stryczy\u0144ska-Hodyl, Sandra U\u017eule-Fons<br \/>\nrada redakcyjna: Pawe\u0142 Brudzy\u0144ski, Agnieszka Rembia\u0142kowska, Danuta Roszko, Inesa Szulska, Joanna Tabor, Marta Wi\u015blicka<\/p>\n<p>ISBN: 978-83-235-6163-7 (druk)<br \/>\nWarszawa 2023; nak\u0142adem Wydawnictw Uniwersytetu Warszawskiego, 271 ss.<\/p>\n<p><strong>\u203a <\/strong><a href=\"http:\/\/baltystyka.uw.edu.pl\/wp-content\/uploads\/sites\/46\/2023\/07\/Spis-tres\u0301ci.pdf\">spis tre\u015bci<\/a><\/p>\n<p>OPEN ACCESS:<br \/>\n<a href=\"https:\/\/wuw.pl\/data\/include\/cms\/\/Prace_baltystyczne_tom8_Prusinowska_J_Roszko_D_Szulska_I_red_2022.pdf\">https:\/\/wuw.pl\/data\/include\/cms\/\/Prace_baltystyczne_tom8_Prusinowska_J_Roszko_D_Szulska_I_red_2022.pdf<\/a><\/p>\n<p>&nbsp;","protected":false},"excerpt":{"rendered":"<p>Tom 1: PRACE BA\u0141TYSTYCZNE. J\u0118ZYK, LITERATURA, KULTURA redakcja: Norbert Ostrowski, Ona Vai\u010diulyt\u0117-Roman\u010duk recenzje wydawnicze: Micha\u0142 Hasiuk, Algis Kal\u0117da ISBN: 83-87608-84-X Warszawa 2003; nak\u0142adem Wydzia\u0142u Polonistyki Uniwersytetu Warszawskiego, 204 ss. \u203a spis tre\u015bci &nbsp; Tom 2: PRACE BA\u0141TYSTYCZNE 2. J\u0118ZYK, LITERATURA, KULTURA redakcja: Ona Vai\u010diulyt\u0117-Roman\u010duk, Norbert Ostrowski recenzje wydawnicze: Jerzy Ba\u0144czerowski, Romuald Huszcza korekta: Marta Grzybowska &#8230; <a title=\"Prace Ba\u0142tystyczne\" class=\"read-more\" href=\"http:\/\/baltystyka.uw.edu.pl\/?page_id=663\" aria-label=\"More on Prace Ba\u0142tystyczne\">Czytaj dalej<\/a><\/p>\n","protected":false},"author":220,"featured_media":0,"parent":0,"menu_order":0,"comment_status":"closed","ping_status":"open","template":"","meta":{"ngg_post_thumbnail":0,"_links_to":"","_links_to_target":""},"acf":[],"_links":{"self":[{"href":"http:\/\/baltystyka.uw.edu.pl\/index.php?rest_route=\/wp\/v2\/pages\/663"}],"collection":[{"href":"http:\/\/baltystyka.uw.edu.pl\/index.php?rest_route=\/wp\/v2\/pages"}],"about":[{"href":"http:\/\/baltystyka.uw.edu.pl\/index.php?rest_route=\/wp\/v2\/types\/page"}],"author":[{"embeddable":true,"href":"http:\/\/baltystyka.uw.edu.pl\/index.php?rest_route=\/wp\/v2\/users\/220"}],"replies":[{"embeddable":true,"href":"http:\/\/baltystyka.uw.edu.pl\/index.php?rest_route=%2Fwp%2Fv2%2Fcomments&post=663"}],"version-history":[{"count":28,"href":"http:\/\/baltystyka.uw.edu.pl\/index.php?rest_route=\/wp\/v2\/pages\/663\/revisions"}],"predecessor-version":[{"id":7876,"href":"http:\/\/baltystyka.uw.edu.pl\/index.php?rest_route=\/wp\/v2\/pages\/663\/revisions\/7876"}],"wp:attachment":[{"href":"http:\/\/baltystyka.uw.edu.pl\/index.php?rest_route=%2Fwp%2Fv2%2Fmedia&parent=663"}],"curies":[{"name":"wp","href":"https:\/\/api.w.org\/{rel}","templated":true}]}}