{"id":8442,"date":"2026-02-15T11:53:36","date_gmt":"2026-02-15T10:53:36","guid":{"rendered":"http:\/\/baltystyka.uw.edu.pl\/?page_id=8442"},"modified":"2026-04-15T09:55:23","modified_gmt":"2026-04-15T07:55:23","slug":"kronika-2026","status":"publish","type":"page","link":"http:\/\/baltystyka.uw.edu.pl\/?page_id=8442","title":{"rendered":"Kronika 2026"},"content":{"rendered":"<p class=\"p1\"><b>29 stycznia 2026 roku <\/b>odby\u0142 si\u0119 pokaz zesz\u0142orocznego litewskiego hitu kinowego \u2013 filmu<b> &#8222;Pietinia kronikas&#8221;<\/b> w&nbsp;re\u017cyserii Ignasa Mi\u0161kinisa (wed\u0142ug bestsellerowej powie\u015bci Rimantasa Kmity): <a href=\"https:\/\/www.lrt.lt\/naujienos\/kultura\/12\/2581927\/iteiktos-sidabrines-gerves-12-apdovanojimu-susizere-igno-miskinio-pietinia-kronikas\"><span class=\"s1\">https:\/\/www.lrt.lt\/naujienos\/kultura\/12\/2581927\/iteiktos-sidabrines-gerves-12-apdovanojimu-susizere-igno-miskinio-pietinia-kronikas<\/span><\/a>. Pokaz zorganizowa\u0142a dr J\u016brat\u0117 \u010cer\u0161kut\u0117.<\/p>\n<p class=\"p1\"><span class=\"Apple-converted-space\"><img loading=\"lazy\" class=\"alignnone size-full wp-image-8427\" src=\"http:\/\/baltystyka.uw.edu.pl\/wp-content\/uploads\/sites\/46\/2026\/01\/maxresdefault.jpg\" alt=\"\" width=\"1280\" height=\"720\" srcset=\"http:\/\/baltystyka.uw.edu.pl\/wp-content\/uploads\/sites\/46\/2026\/01\/maxresdefault.jpg 1280w, http:\/\/baltystyka.uw.edu.pl\/wp-content\/uploads\/sites\/46\/2026\/01\/maxresdefault-768x432.jpg 768w\" sizes=\"(max-width: 1280px) 100vw, 1280px\" \/><\/span><\/p>\n<pre>&nbsp;<\/pre>\n<p><strong>13 stycznia 2026 roku<\/strong> odby\u0142a si\u0119 obrona pracy doktorskiej mgr Zofii Mitan zatytu\u0142owanej: <em><strong>Przedstawienia przemian historycznych w polskiej i&nbsp;litewskiej literaturze drugiej po\u0142owy XX i pocz\u0105tku XXI wieku <\/strong><\/em>(promotor \u2013 prof. dr hab. Tomasz W\u00f3jcik, promotorka pomocnicza \u2013 dr Joanna Tabor). Obrona zako\u0144czy\u0142a si\u0119 pomy\u015blnie. Serdecznie gratulujemy!<\/p>\n<p><img loading=\"lazy\" class=\"size-full wp-image-8407\" src=\"http:\/\/baltystyka.uw.edu.pl\/wp-content\/uploads\/sites\/46\/2026\/01\/P1011880.jpg\" alt=\"\" width=\"2391\" height=\"2523\" srcset=\"http:\/\/baltystyka.uw.edu.pl\/wp-content\/uploads\/sites\/46\/2026\/01\/P1011880.jpg 2391w, http:\/\/baltystyka.uw.edu.pl\/wp-content\/uploads\/sites\/46\/2026\/01\/P1011880-768x810.jpg 768w\" sizes=\"(max-width: 2391px) 100vw, 2391px\" \/><\/p>\n<p class=\"p1\"><span class=\"Apple-converted-space\">&nbsp;<\/span><\/p>","protected":false},"excerpt":{"rendered":"<p>29 stycznia 2026 roku odby\u0142 si\u0119 pokaz zesz\u0142orocznego litewskiego hitu kinowego \u2013 filmu &#8222;Pietinia kronikas&#8221; w&nbsp;re\u017cyserii Ignasa Mi\u0161kinisa (wed\u0142ug bestsellerowej powie\u015bci Rimantasa Kmity): https:\/\/www.lrt.lt\/naujienos\/kultura\/12\/2581927\/iteiktos-sidabrines-gerves-12-apdovanojimu-susizere-igno-miskinio-pietinia-kronikas. Pokaz zorganizowa\u0142a dr J\u016brat\u0117 \u010cer\u0161kut\u0117. &nbsp; 13 stycznia 2026 roku odby\u0142a si\u0119 obrona pracy doktorskiej mgr Zofii Mitan zatytu\u0142owanej: Przedstawienia przemian historycznych w polskiej i&nbsp;litewskiej literaturze drugiej po\u0142owy XX i pocz\u0105tku &#8230; <a title=\"Kronika 2026\" class=\"read-more\" href=\"http:\/\/baltystyka.uw.edu.pl\/?page_id=8442\" aria-label=\"More on Kronika 2026\">Czytaj dalej<\/a><\/p>\n","protected":false},"author":220,"featured_media":0,"parent":0,"menu_order":0,"comment_status":"closed","ping_status":"closed","template":"","meta":{"ngg_post_thumbnail":0,"_links_to":"","_links_to_target":""},"acf":[],"_links":{"self":[{"href":"http:\/\/baltystyka.uw.edu.pl\/index.php?rest_route=\/wp\/v2\/pages\/8442"}],"collection":[{"href":"http:\/\/baltystyka.uw.edu.pl\/index.php?rest_route=\/wp\/v2\/pages"}],"about":[{"href":"http:\/\/baltystyka.uw.edu.pl\/index.php?rest_route=\/wp\/v2\/types\/page"}],"author":[{"embeddable":true,"href":"http:\/\/baltystyka.uw.edu.pl\/index.php?rest_route=\/wp\/v2\/users\/220"}],"replies":[{"embeddable":true,"href":"http:\/\/baltystyka.uw.edu.pl\/index.php?rest_route=%2Fwp%2Fv2%2Fcomments&post=8442"}],"version-history":[{"count":4,"href":"http:\/\/baltystyka.uw.edu.pl\/index.php?rest_route=\/wp\/v2\/pages\/8442\/revisions"}],"predecessor-version":[{"id":8494,"href":"http:\/\/baltystyka.uw.edu.pl\/index.php?rest_route=\/wp\/v2\/pages\/8442\/revisions\/8494"}],"wp:attachment":[{"href":"http:\/\/baltystyka.uw.edu.pl\/index.php?rest_route=%2Fwp%2Fv2%2Fmedia&parent=8442"}],"curies":[{"name":"wp","href":"https:\/\/api.w.org\/{rel}","templated":true}]}}